{"id":2220,"date":"2023-07-27T21:30:27","date_gmt":"2023-07-27T18:30:27","guid":{"rendered":"https:\/\/grizzliesbrasov.com\/?page_id=2220"},"modified":"2023-10-02T19:56:33","modified_gmt":"2023-10-02T16:56:33","slug":"sustine","status":"publish","type":"page","link":"https:\/\/grizzliesbrasov.com\/en\/sustine\/","title":{"rendered":"Stands up"},"content":{"rendered":"<div class=\"wp-block-cover alignfull is-light\" style=\"min-height:551px;aspect-ratio:unset;\"><span aria-hidden=\"true\" class=\"wp-block-cover__background has-ast-global-color-5-background-color has-background-dim\"><\/span><img loading=\"lazy\" decoding=\"async\" width=\"2560\" height=\"1707\" class=\"wp-block-cover__image-background wp-image-2224\" alt=\"\" src=\"https:\/\/grizzliesbrasov.com\/wp-content\/uploads\/2023\/07\/pexels-michael-morse-1481358-scaled.jpg\" data-object-fit=\"cover\" srcset=\"https:\/\/grizzliesbrasov.com\/wp-content\/uploads\/2023\/07\/pexels-michael-morse-1481358-scaled.jpg 2560w, https:\/\/grizzliesbrasov.com\/wp-content\/uploads\/2023\/07\/pexels-michael-morse-1481358-300x200.jpg 300w, https:\/\/grizzliesbrasov.com\/wp-content\/uploads\/2023\/07\/pexels-michael-morse-1481358-1024x683.jpg 1024w, https:\/\/grizzliesbrasov.com\/wp-content\/uploads\/2023\/07\/pexels-michael-morse-1481358-768x512.jpg 768w, https:\/\/grizzliesbrasov.com\/wp-content\/uploads\/2023\/07\/pexels-michael-morse-1481358-1536x1024.jpg 1536w, https:\/\/grizzliesbrasov.com\/wp-content\/uploads\/2023\/07\/pexels-michael-morse-1481358-2048x1365.jpg 2048w\" sizes=\"auto, (max-width: 2560px) 100vw, 2560px\" \/><div class=\"wp-block-cover__inner-container is-layout-flow wp-block-cover-is-layout-flow\">\n<figure class=\"wp-block-image aligncenter size-thumbnail is-resized\"><a href=\"https:\/\/grizzliesbrasov.com\/en\/\"><img loading=\"lazy\" decoding=\"async\" src=\"https:\/\/grizzliesbrasov.com\/wp-content\/uploads\/2023\/07\/Grizzlies-Logo-simple-150x150.png\" alt=\"\" class=\"wp-image-1730\" style=\"width:80px;height:80px\" width=\"80\" height=\"80\"\/><\/a><\/figure>\n\n\n\n<div class=\"wp-block-uagb-advanced-heading uagb-block-2072bfc4\"><h3 class=\"uagb-heading-text\"><strong>stands up<\/strong><\/h3><\/div>\n<\/div><\/div>\n\n\n\n<div class=\"wp-block-uagb-separator uagb-block-9bb8fdb4\"><div class=\"wp-block-uagb-separator__inner\" style=\"--my-background-image:\"><\/div><\/div>\n\n\n\n<h5 class=\"wp-block-heading has-text-align-left has-text-color\" style=\"color:#592e83;font-size:17px;line-height:1.6;text-transform:none\"><strong>We really appreciate your support. Any help means a lot to our team. <\/strong><br><strong>Thank you for being an essential part of our journey<\/strong>.<\/h5>\n\n\n\n<p class=\"has-text-align-left\" style=\"text-decoration:underline\"><strong>Option 1 \u2013 Make a donation by bank transfer<\/strong><\/p>\n\n\n\n<p class=\"has-text-align-left\" style=\"text-transform:none\">You can make a significant impact by supporting the team with a direct donation to our team accounts <strong>GRIZZLIES BRA\u0218OV<\/strong>. It's a simple process:<\/p>\n\n\n\n<p class=\"has-text-align-left\" style=\"text-transform:none\">Transfer the amount you wish to contribute from your personal account using the following information:<br>Team Name: <strong>ASOCIA\u021aIA CLUB SPORTIV GRIZZLIES BRA\u0218OV<\/strong><br>Fiscal identification code (CIF): <strong>48479952<\/strong><br>Address: <strong>Str. Lalelelor, Nr. 21, Sc. B, Ap. 13, Bra\u0219ov, Jude\u021b Bra\u0219ov.<\/strong><br>IBAN (RON): <strong><strong>RO38BTRLRONCRT0675586901<\/strong><\/strong><br>Banca Transilvania<br><strong>Very important:<\/strong><br>In the section <strong>\"Payment Details\"<\/strong>, please specify \"<strong>donation<\/strong>\u201d to ensure that your contribution reaches our team's cause.<\/p>\n\n\n\n<div class=\"wp-block-uagb-separator uagb-block-33ff83d2 wp-block-uagb-separator--icon\"><div class=\"wp-block-uagb-separator__inner\" style=\"--my-background-image:\"><div class=\"wp-block-uagb-separator-element\"><svg xmlns=\"https:\/\/www.w3.org\/2000\/svg\" viewbox=\"0 0 512 512\"><path d=\"M429.6 272.9c0-16.26 16.36-16.81 29.99-16.81l2.931 .0029c16.64 0 33.14 2.056 49.2 5.834C511.7 259.9 512 258 512 256c0-141.4-114.6-256-256-256C253.9 0 251.1 .2578 249.9 .3047c3.658 15.51 6.111 31.34 6.111 47.54c0 6-.2813 12.03-.7813 18C254.6 74.19 247.6 80.5 239.3 80.5c-6.091 0-16.03-4.68-16.03-15.97c0-1.733 .7149-7.153 .7149-16.69c0-15.26-2.389-30.18-6.225-44.69C106.9 19.79 19.5 107.3 3.08 218.3c14.44 3.819 29.38 5.79 44.45 5.79c10.07 0 15.59-.811 17.42-.811c6.229 0 16.49 4.657 16.49 15.99c0 16.11-16.13 16.77-29.73 16.77L48.16 256c-16.33 0-32.25-2.445-47.85-6.109C.2578 251.1 0 253.9 0 256c0 141.4 114.6 256 256 256c2.066 0 4.062-.2578 6.117-.3086C258.5 496.2 256 480.4 256 464.2c0-5.688 .25-11.38 .7187-17.03c.6964-8.538 8.287-14.61 16.49-14.61c7.1 0 15.44 6.938 15.44 15.92c0 2.358-.6524 5.88-.6524 15.72c0 15.25 2.383 30.16 6.209 44.66c110.8-16.63 198.2-104.1 214.7-215c-14.55-3.851-29.59-5.871-44.74-5.871c-10.47 0-16.24 .895-18.13 .895C443.3 288.9 429.6 286.5 429.6 272.9zM238.2 128.9c0 27.78-78.3 108.1-108.6 108.1c-8.612 0-16.01-6.963-16.01-15.98c0-6.002 3.394-11.75 9.163-14.49c80.3-38.08 76.21-94.5 99.39-94.5C234.7 112.8 238.2 124.2 238.2 128.9zM397.5 290.6c0 5.965-3.364 11.68-9.131 14.43c-78.82 37.57-75.92 95-98.94 95c-12.58 0-16.01-11.54-16.01-16.03c0-28 78.29-109.4 108.1-109.4C390.8 274.6 397.5 282.3 397.5 290.6z\"><\/path><\/svg><\/div><\/div><\/div>\n\n\n\n<p class=\"has-text-align-left\" style=\"text-transform:none\"><strong>Option 2 \u2013 3.5% income tax redirection.<\/strong><\/p>\n\n\n\n<p class=\"has-text-align-left\" style=\"text-transform:none\">Wouldn't it be amazing if you could direct a portion of your previous year's income tax to a cause you believe in? Instead of letting those funds go to the discretion of the government, you have the option of redirecting them to a specific association.<\/p>\n\n\n\n<p class=\"has-text-align-left\" style=\"text-transform:none\">Creating and supporting a baseball club with teams of various ages requires careful budget planning to cover essential expenses. Factors such as players, coaching staff, facilities, equipment, uniforms, administrative costs and travel to various tournaments organized by <strong><a rel=\"noreferrer noopener\" href=\"https:\/\/baseball-softball.ro\" target=\"_blank\">Romanian Baseball and Softball Federation (FRBS<\/a><\/strong>), all play an important role. Your effortless contribution would be of great benefit to this club and the aspiring kids playing the sport.<\/p>\n\n\n\n<p class=\"has-text-align-left\" style=\"text-transform:none\">Each year you have the power to choose where the 3.5% of last year's income tax is allocated. If you would like to support Grizzlies Bra\u0219ov Baseball, a team dedicated to dedication and community involvement (although not fully funded), please visit this platform, and fill out a short form, which only takes 2 minutes. Go to the following link: <strong><a href=\"http:\/\/redirectioneaza.ro\/asociatia-club-sportiv-grizzlies-brasov\" target=\"_blank\" rel=\"noreferrer noopener\">redirectioneaza.ro\/asociatia-club-sportiv-grizzlies-brasov<\/a><\/strong><\/p>\n\n\n\n<div class=\"wp-block-uagb-separator uagb-block-ff125b3d wp-block-uagb-separator--icon\"><div class=\"wp-block-uagb-separator__inner\" style=\"--my-background-image:\"><div class=\"wp-block-uagb-separator-element\"><svg xmlns=\"https:\/\/www.w3.org\/2000\/svg\" viewbox=\"0 0 512 512\"><path d=\"M429.6 272.9c0-16.26 16.36-16.81 29.99-16.81l2.931 .0029c16.64 0 33.14 2.056 49.2 5.834C511.7 259.9 512 258 512 256c0-141.4-114.6-256-256-256C253.9 0 251.1 .2578 249.9 .3047c3.658 15.51 6.111 31.34 6.111 47.54c0 6-.2813 12.03-.7813 18C254.6 74.19 247.6 80.5 239.3 80.5c-6.091 0-16.03-4.68-16.03-15.97c0-1.733 .7149-7.153 .7149-16.69c0-15.26-2.389-30.18-6.225-44.69C106.9 19.79 19.5 107.3 3.08 218.3c14.44 3.819 29.38 5.79 44.45 5.79c10.07 0 15.59-.811 17.42-.811c6.229 0 16.49 4.657 16.49 15.99c0 16.11-16.13 16.77-29.73 16.77L48.16 256c-16.33 0-32.25-2.445-47.85-6.109C.2578 251.1 0 253.9 0 256c0 141.4 114.6 256 256 256c2.066 0 4.062-.2578 6.117-.3086C258.5 496.2 256 480.4 256 464.2c0-5.688 .25-11.38 .7187-17.03c.6964-8.538 8.287-14.61 16.49-14.61c7.1 0 15.44 6.938 15.44 15.92c0 2.358-.6524 5.88-.6524 15.72c0 15.25 2.383 30.16 6.209 44.66c110.8-16.63 198.2-104.1 214.7-215c-14.55-3.851-29.59-5.871-44.74-5.871c-10.47 0-16.24 .895-18.13 .895C443.3 288.9 429.6 286.5 429.6 272.9zM238.2 128.9c0 27.78-78.3 108.1-108.6 108.1c-8.612 0-16.01-6.963-16.01-15.98c0-6.002 3.394-11.75 9.163-14.49c80.3-38.08 76.21-94.5 99.39-94.5C234.7 112.8 238.2 124.2 238.2 128.9zM397.5 290.6c0 5.965-3.364 11.68-9.131 14.43c-78.82 37.57-75.92 95-98.94 95c-12.58 0-16.01-11.54-16.01-16.03c0-28 78.29-109.4 108.1-109.4C390.8 274.6 397.5 282.3 397.5 290.6z\"><\/path><\/svg><\/div><\/div><\/div>\n\n\n\n<p class=\"has-text-align-left\" style=\"text-transform:none\"><strong>Option 3 \u2013 Empower our team through your company's income or profit <\/strong><b>.<\/b><\/p>\n\n\n\n<p class=\"has-text-align-left\" style=\"text-transform:none\">Are you a tax paying company?<\/p>\n\n\n\n<p class=\"has-text-align-left\" style=\"text-transform:none\">As a corporate tax payer, you can make a significant impact by redirecting up to 20% of your current year's corporate tax to <strong>ASOCIA\u021aIA CLUB SPORTIV GRIZZLIES BRA\u0218OV<\/strong>. Instead of your money going to the state, it can turn into vital financial support to strengthen our team.<\/p>\n\n\n\n<p class=\"has-text-align-left\" style=\"text-transform:none\">Do you own a micro-enterprise? Redirects 20% of tax paid.<\/p>\n\n\n\n<p class=\"has-text-align-left\" style=\"text-transform:none\">From 2019, any micro-enterprise in Romania can direct up to <strong>20% of taxes paid to an NGO.<\/strong> This incredible opportunity allows you to have a say in how a portion of your tax is used, rather than leaving it up to the state. By forwarding your tax, you are directly helping to support our team's efforts.<\/p>\n\n\n\n<p style=\"text-transform:none\">The payment is made directly by the tax authority, at the express request of the taxpayers, by concluding a sponsorship contract.<\/p>\n\n\n\n<div class=\"wp-block-uagb-separator uagb-block-6c384c98 wp-block-uagb-separator--icon\"><div class=\"wp-block-uagb-separator__inner\" style=\"--my-background-image:\"><div class=\"wp-block-uagb-separator-element\"><svg xmlns=\"https:\/\/www.w3.org\/2000\/svg\" viewbox=\"0 0 512 512\"><path d=\"M429.6 272.9c0-16.26 16.36-16.81 29.99-16.81l2.931 .0029c16.64 0 33.14 2.056 49.2 5.834C511.7 259.9 512 258 512 256c0-141.4-114.6-256-256-256C253.9 0 251.1 .2578 249.9 .3047c3.658 15.51 6.111 31.34 6.111 47.54c0 6-.2813 12.03-.7813 18C254.6 74.19 247.6 80.5 239.3 80.5c-6.091 0-16.03-4.68-16.03-15.97c0-1.733 .7149-7.153 .7149-16.69c0-15.26-2.389-30.18-6.225-44.69C106.9 19.79 19.5 107.3 3.08 218.3c14.44 3.819 29.38 5.79 44.45 5.79c10.07 0 15.59-.811 17.42-.811c6.229 0 16.49 4.657 16.49 15.99c0 16.11-16.13 16.77-29.73 16.77L48.16 256c-16.33 0-32.25-2.445-47.85-6.109C.2578 251.1 0 253.9 0 256c0 141.4 114.6 256 256 256c2.066 0 4.062-.2578 6.117-.3086C258.5 496.2 256 480.4 256 464.2c0-5.688 .25-11.38 .7187-17.03c.6964-8.538 8.287-14.61 16.49-14.61c7.1 0 15.44 6.938 15.44 15.92c0 2.358-.6524 5.88-.6524 15.72c0 15.25 2.383 30.16 6.209 44.66c110.8-16.63 198.2-104.1 214.7-215c-14.55-3.851-29.59-5.871-44.74-5.871c-10.47 0-16.24 .895-18.13 .895C443.3 288.9 429.6 286.5 429.6 272.9zM238.2 128.9c0 27.78-78.3 108.1-108.6 108.1c-8.612 0-16.01-6.963-16.01-15.98c0-6.002 3.394-11.75 9.163-14.49c80.3-38.08 76.21-94.5 99.39-94.5C234.7 112.8 238.2 124.2 238.2 128.9zM397.5 290.6c0 5.965-3.364 11.68-9.131 14.43c-78.82 37.57-75.92 95-98.94 95c-12.58 0-16.01-11.54-16.01-16.03c0-28 78.29-109.4 108.1-109.4C390.8 274.6 397.5 282.3 397.5 290.6z\"><\/path><\/svg><\/div><\/div><\/div>\n\n\n\n<p class=\"has-text-align-left\" style=\"text-transform:none\"><strong>Option 4 \u2013 Become a sponsor and support us!<\/strong><\/p>\n\n\n\n<p class=\"has-text-align-left\" style=\"text-transform:none\">We welcome sponsorship from any company, allowing them to contribute the desired amount through a sponsorship agreement.<\/p>\n\n\n\n<p class=\"has-text-align-left\" style=\"text-transform:none\">This sponsorship approach is ideal for companies who want to support us without requiring facilities in return.<\/p>\n\n\n\n<p style=\"text-transform:none\">You can view our association presentation by going to <strong><a href=\"https:\/\/www.canva.com\/design\/DAFr4dYLIxM\/B6NBJUmjBVeq15zmPhPWfw\/view?utm_content=DAFr4dYLIxM&amp;utm_campaign=share_your_design&amp;utm_medium=link&amp;utm_source=shareyourdesignpanel\" target=\"_blank\" rel=\"noreferrer noopener\">here.<\/a><\/strong><\/p>\n\n\n\n<p class=\"has-text-align-left\" style=\"text-transform:none\">For more details, please contact us at <strong>contact@grizzliesbrasov.com<\/strong> or call us at <strong>0726 611 913.<\/strong><\/p>\n\n\n\n<div class=\"wp-block-uagb-separator uagb-block-02a81066 wp-block-uagb-separator--icon\"><div class=\"wp-block-uagb-separator__inner\" style=\"--my-background-image:\"><div class=\"wp-block-uagb-separator-element\"><svg xmlns=\"https:\/\/www.w3.org\/2000\/svg\" viewbox=\"0 0 512 512\"><path d=\"M429.6 272.9c0-16.26 16.36-16.81 29.99-16.81l2.931 .0029c16.64 0 33.14 2.056 49.2 5.834C511.7 259.9 512 258 512 256c0-141.4-114.6-256-256-256C253.9 0 251.1 .2578 249.9 .3047c3.658 15.51 6.111 31.34 6.111 47.54c0 6-.2813 12.03-.7813 18C254.6 74.19 247.6 80.5 239.3 80.5c-6.091 0-16.03-4.68-16.03-15.97c0-1.733 .7149-7.153 .7149-16.69c0-15.26-2.389-30.18-6.225-44.69C106.9 19.79 19.5 107.3 3.08 218.3c14.44 3.819 29.38 5.79 44.45 5.79c10.07 0 15.59-.811 17.42-.811c6.229 0 16.49 4.657 16.49 15.99c0 16.11-16.13 16.77-29.73 16.77L48.16 256c-16.33 0-32.25-2.445-47.85-6.109C.2578 251.1 0 253.9 0 256c0 141.4 114.6 256 256 256c2.066 0 4.062-.2578 6.117-.3086C258.5 496.2 256 480.4 256 464.2c0-5.688 .25-11.38 .7187-17.03c.6964-8.538 8.287-14.61 16.49-14.61c7.1 0 15.44 6.938 15.44 15.92c0 2.358-.6524 5.88-.6524 15.72c0 15.25 2.383 30.16 6.209 44.66c110.8-16.63 198.2-104.1 214.7-215c-14.55-3.851-29.59-5.871-44.74-5.871c-10.47 0-16.24 .895-18.13 .895C443.3 288.9 429.6 286.5 429.6 272.9zM238.2 128.9c0 27.78-78.3 108.1-108.6 108.1c-8.612 0-16.01-6.963-16.01-15.98c0-6.002 3.394-11.75 9.163-14.49c80.3-38.08 76.21-94.5 99.39-94.5C234.7 112.8 238.2 124.2 238.2 128.9zM397.5 290.6c0 5.965-3.364 11.68-9.131 14.43c-78.82 37.57-75.92 95-98.94 95c-12.58 0-16.01-11.54-16.01-16.03c0-28 78.29-109.4 108.1-109.4C390.8 274.6 397.5 282.3 397.5 290.6z\"><\/path><\/svg><\/div><\/div><\/div>\n\n\n\n<p class=\"has-text-align-left\" style=\"text-transform:none\">Your generous donation will greatly help us reach our goals and strengthen our team. We really appreciate your support!<\/p>\n\n\n\n<p class=\"has-text-align-left\" style=\"text-transform:none\">Thank you all for your invaluable support!<\/p>\n\n\n\n<div class=\"wp-block-uagb-separator uagb-block-aa666983\"><div class=\"wp-block-uagb-separator__inner\" style=\"--my-background-image:\"><\/div><\/div>","protected":false},"excerpt":{"rendered":"<p>Apreciem foarte mult sprijinul dumneavoastr\u0103. Orice ajutor \u00eenseamn\u0103 enorm pentru echipa noastr\u0103. V\u0103 mul\u021bumim c\u0103 sunte\u021bi o parte esen\u021bial\u0103 a c\u0103l\u0103toriei noastre. Op\u021biunea 1 &#8211; Face\u021bi o dona\u021bie prin transfer [&hellip;]<\/p>\n","protected":false},"author":1,"featured_media":0,"parent":0,"menu_order":0,"comment_status":"closed","ping_status":"closed","template":"","meta":{"_uag_custom_page_level_css":"","site-sidebar-layout":"no-sidebar","site-content-layout":"plain-container","ast-site-content-layout":"normal-width-container","site-content-style":"unboxed","site-sidebar-style":"unboxed","ast-global-header-display":"","ast-banner-title-visibility":"","ast-main-header-display":"","ast-hfb-above-header-display":"","ast-hfb-below-header-display":"","ast-hfb-mobile-header-display":"","site-post-title":"disabled","ast-breadcrumbs-content":"","ast-featured-img":"","footer-sml-layout":"","ast-disable-related-posts":"","theme-transparent-header-meta":"enabled","adv-header-id-meta":"","stick-header-meta":"","header-above-stick-meta":"","header-main-stick-meta":"","header-below-stick-meta":"","astra-migrate-meta-layouts":"set","ast-page-background-enabled":"default","ast-page-background-meta":{"desktop":{"background-color":"var(--ast-global-color-4)","background-image":"","background-repeat":"repeat","background-position":"center center","background-size":"auto","background-attachment":"scroll","background-type":"","background-media":"","overlay-type":"","overlay-color":"","overlay-opacity":"","overlay-gradient":""},"tablet":{"background-color":"","background-image":"","background-repeat":"repeat","background-position":"center center","background-size":"auto","background-attachment":"scroll","background-type":"","background-media":"","overlay-type":"","overlay-color":"","overlay-opacity":"","overlay-gradient":""},"mobile":{"background-color":"","background-image":"","background-repeat":"repeat","background-position":"center center","background-size":"auto","background-attachment":"scroll","background-type":"","background-media":"","overlay-type":"","overlay-color":"","overlay-opacity":"","overlay-gradient":""}},"ast-content-background-meta":{"desktop":{"background-color":"var(--ast-global-color-5)","background-image":"","background-repeat":"repeat","background-position":"center center","background-size":"auto","background-attachment":"scroll","background-type":"","background-media":"","overlay-type":"","overlay-color":"","overlay-opacity":"","overlay-gradient":""},"tablet":{"background-color":"var(--ast-global-color-5)","background-image":"","background-repeat":"repeat","background-position":"center center","background-size":"auto","background-attachment":"scroll","background-type":"","background-media":"","overlay-type":"","overlay-color":"","overlay-opacity":"","overlay-gradient":""},"mobile":{"background-color":"var(--ast-global-color-5)","background-image":"","background-repeat":"repeat","background-position":"center center","background-size":"auto","background-attachment":"scroll","background-type":"","background-media":"","overlay-type":"","overlay-color":"","overlay-opacity":"","overlay-gradient":""}},"_price":"","_stock":"","_tribe_ticket_header":"","_tribe_default_ticket_provider":"","_tribe_ticket_capacity":"0","_ticket_start_date":"","_ticket_end_date":"","_tribe_ticket_show_description":"","_tribe_ticket_show_not_going":false,"_tribe_ticket_use_global_stock":"","_tribe_ticket_global_stock_level":"","_global_stock_mode":"","_global_stock_cap":"","_tribe_rsvp_for_event":"","_tribe_ticket_going_count":"","_tribe_ticket_not_going_count":"","_tribe_tickets_list":"[]","_tribe_ticket_has_attendee_info_fields":false,"footnotes":"","_tec_slr_enabled":"","_tec_slr_layout":""},"class_list":["post-2220","page","type-page","status-publish","hentry"],"uagb_featured_image_src":{"full":false,"thumbnail":false,"medium":false,"medium_large":false,"large":false,"1536x1536":false,"2048x2048":false,"trp-custom-language-flag":false},"uagb_author_info":{"display_name":"ctatis1","author_link":"https:\/\/grizzliesbrasov.com\/en\/author\/ctatis1\/"},"uagb_comment_info":0,"uagb_excerpt":"Apreciem foarte mult sprijinul dumneavoastr\u0103. Orice ajutor \u00eenseamn\u0103 enorm pentru echipa noastr\u0103. V\u0103 mul\u021bumim c\u0103 sunte\u021bi o parte esen\u021bial\u0103 a c\u0103l\u0103toriei noastre. Op\u021biunea 1 &#8211; Face\u021bi o dona\u021bie prin transfer [&hellip;]","ticketed":false,"_links":{"self":[{"href":"https:\/\/grizzliesbrasov.com\/en\/wp-json\/wp\/v2\/pages\/2220","targetHints":{"allow":["GET"]}}],"collection":[{"href":"https:\/\/grizzliesbrasov.com\/en\/wp-json\/wp\/v2\/pages"}],"about":[{"href":"https:\/\/grizzliesbrasov.com\/en\/wp-json\/wp\/v2\/types\/page"}],"author":[{"embeddable":true,"href":"https:\/\/grizzliesbrasov.com\/en\/wp-json\/wp\/v2\/users\/1"}],"replies":[{"embeddable":true,"href":"https:\/\/grizzliesbrasov.com\/en\/wp-json\/wp\/v2\/comments?post=2220"}],"version-history":[{"count":34,"href":"https:\/\/grizzliesbrasov.com\/en\/wp-json\/wp\/v2\/pages\/2220\/revisions"}],"predecessor-version":[{"id":2888,"href":"https:\/\/grizzliesbrasov.com\/en\/wp-json\/wp\/v2\/pages\/2220\/revisions\/2888"}],"wp:attachment":[{"href":"https:\/\/grizzliesbrasov.com\/en\/wp-json\/wp\/v2\/media?parent=2220"}],"curies":[{"name":"wp","href":"https:\/\/api.w.org\/{rel}","templated":true}]}}