{"id":2253,"date":"2023-07-27T23:38:48","date_gmt":"2023-07-27T20:38:48","guid":{"rendered":"https:\/\/grizzliesbrasov.com\/?page_id=2253"},"modified":"2023-09-08T22:50:36","modified_gmt":"2023-09-08T19:50:36","slug":"doneaza-35","status":"publish","type":"page","link":"https:\/\/grizzliesbrasov.com\/en\/doneaza-35\/","title":{"rendered":"Donate 3.5%"},"content":{"rendered":"<div class=\"wp-block-cover alignfull\"><span aria-hidden=\"true\" class=\"wp-block-cover__background has-ast-global-color-5-background-color has-background-dim-60 has-background-dim\"><\/span><img loading=\"lazy\" decoding=\"async\" width=\"1986\" height=\"2560\" class=\"wp-block-cover__image-background wp-image-2254\" alt=\"\" src=\"https:\/\/grizzliesbrasov.com\/wp-content\/uploads\/2023\/07\/elisabeth-wales-evaz1OigoQQ-unsplash-scaled.jpg\" style=\"object-position:51% 8%\" data-object-fit=\"cover\" data-object-position=\"51% 8%\" srcset=\"https:\/\/grizzliesbrasov.com\/wp-content\/uploads\/2023\/07\/elisabeth-wales-evaz1OigoQQ-unsplash-scaled.jpg 1986w, https:\/\/grizzliesbrasov.com\/wp-content\/uploads\/2023\/07\/elisabeth-wales-evaz1OigoQQ-unsplash-233x300.jpg 233w, https:\/\/grizzliesbrasov.com\/wp-content\/uploads\/2023\/07\/elisabeth-wales-evaz1OigoQQ-unsplash-794x1024.jpg 794w, https:\/\/grizzliesbrasov.com\/wp-content\/uploads\/2023\/07\/elisabeth-wales-evaz1OigoQQ-unsplash-768x990.jpg 768w, https:\/\/grizzliesbrasov.com\/wp-content\/uploads\/2023\/07\/elisabeth-wales-evaz1OigoQQ-unsplash-1192x1536.jpg 1192w, https:\/\/grizzliesbrasov.com\/wp-content\/uploads\/2023\/07\/elisabeth-wales-evaz1OigoQQ-unsplash-1589x2048.jpg 1589w\" sizes=\"auto, (max-width: 1986px) 100vw, 1986px\" \/><div class=\"wp-block-cover__inner-container is-layout-flow wp-block-cover-is-layout-flow\">\n<figure class=\"wp-block-image aligncenter size-thumbnail is-resized\"><a href=\"https:\/\/grizzliesbrasov.com\/en\/\"><img loading=\"lazy\" decoding=\"async\" src=\"https:\/\/grizzliesbrasov.com\/wp-content\/uploads\/2023\/07\/Grizzlies-Logo-simple-150x150.png\" alt=\"\" class=\"wp-image-1730\" style=\"width:80px;height:80px\" width=\"80\" height=\"80\"\/><\/a><\/figure>\n\n\n\n<div class=\"wp-block-uagb-advanced-heading uagb-block-ce7ccbbf\"><h3 class=\"uagb-heading-text\"><strong>Donate 3.5%<\/strong><\/h3><\/div>\n<\/div><\/div>\n\n\n\n<div class=\"wp-block-uagb-separator uagb-block-73791abc\"><div class=\"wp-block-uagb-separator__inner\" style=\"--my-background-image:\"><\/div><\/div>\n\n\n\n<p class=\"has-text-align-center has-text-color\" style=\"color:#257269;text-transform:none\"><strong>If you would like to support GRIZZLIES BRA\u015eOV using the 3.5% income tax redirection option, please continue by pressing the button below. By doing so, a part of the income tax from the previous year will be directed to the ASOCIA\u021aIA CLUB SPORTIV BRA\u0218OV.<\/strong><\/p>\n\n\n\n<div class=\"wp-block-uagb-separator uagb-block-9fc233fb\"><div class=\"wp-block-uagb-separator__inner\" style=\"--my-background-image:\"><\/div><\/div>\n\n\n\n<div class=\"wp-block-uagb-buttons uagb-buttons__outer-wrap uagb-btn__default-btn uagb-btn-tablet__default-btn uagb-btn-mobile__default-btn uagb-block-faa95ec1\"><div class=\"uagb-buttons__wrap uagb-buttons-layout-wrap\">\n<div class=\"wp-block-uagb-buttons-child uagb-buttons__outer-wrap uagb-block-577cb4fb wp-block-button\"><div class=\"uagb-button__wrapper\"><a class=\"uagb-buttons-repeater wp-block-button__link\" href=\"\/\/redirectioneaza.ro\/asociatia-club-sportiv-grizzlies-brasov\" onclick=\"return true;\" rel=\"follow noopener\" target=\"_blank\"><div class=\"uagb-button__link\">redirect here<\/div><\/a><\/div><\/div>\n<\/div><\/div>\n\n\n\n<div class=\"wp-block-uagb-separator uagb-block-a7077014\"><div class=\"wp-block-uagb-separator__inner\" style=\"--my-background-image:\"><\/div><\/div>\n\n\n\n<figure class=\"wp-block-image alignfull size-large\"><img loading=\"lazy\" decoding=\"async\" width=\"724\" height=\"1024\" src=\"https:\/\/grizzliesbrasov.com\/wp-content\/uploads\/2023\/07\/donatia-35-724x1024.png\" alt=\"\" class=\"wp-image-2308\" srcset=\"https:\/\/grizzliesbrasov.com\/wp-content\/uploads\/2023\/07\/donatia-35-724x1024.png 724w, https:\/\/grizzliesbrasov.com\/wp-content\/uploads\/2023\/07\/donatia-35-212x300.png 212w, https:\/\/grizzliesbrasov.com\/wp-content\/uploads\/2023\/07\/donatia-35-768x1086.png 768w, https:\/\/grizzliesbrasov.com\/wp-content\/uploads\/2023\/07\/donatia-35-1086x1536.png 1086w, https:\/\/grizzliesbrasov.com\/wp-content\/uploads\/2023\/07\/donatia-35-1448x2048.png 1448w, https:\/\/grizzliesbrasov.com\/wp-content\/uploads\/2023\/07\/donatia-35.png 1587w\" sizes=\"auto, (max-width: 724px) 100vw, 724px\" \/><\/figure>","protected":false},"excerpt":{"rendered":"<p>Dac\u0103 dori\u021bi s\u0103 sus\u021bine\u021bi GRIZZLIES BRA\u0218OV folosind op\u021biunea de redirec\u021bionare de 3,5% din impozitul pe venit, v\u0103 rug\u0103m s\u0103 continua\u021bi ap\u0103s\u0103m pe butonul de mai jos. Proced\u00e2nd astfel, o parte [&hellip;]<\/p>\n","protected":false},"author":1,"featured_media":0,"parent":0,"menu_order":0,"comment_status":"closed","ping_status":"closed","template":"","meta":{"_uag_custom_page_level_css":"","site-sidebar-layout":"no-sidebar","site-content-layout":"plain-container","ast-site-content-layout":"normal-width-container","site-content-style":"unboxed","site-sidebar-style":"unboxed","ast-global-header-display":"","ast-banner-title-visibility":"","ast-main-header-display":"","ast-hfb-above-header-display":"","ast-hfb-below-header-display":"","ast-hfb-mobile-header-display":"","site-post-title":"disabled","ast-breadcrumbs-content":"","ast-featured-img":"","footer-sml-layout":"","ast-disable-related-posts":"","theme-transparent-header-meta":"enabled","adv-header-id-meta":"","stick-header-meta":"","header-above-stick-meta":"","header-main-stick-meta":"","header-below-stick-meta":"","astra-migrate-meta-layouts":"set","ast-page-background-enabled":"default","ast-page-background-meta":{"desktop":{"background-color":"var(--ast-global-color-4)","background-image":"","background-repeat":"repeat","background-position":"center center","background-size":"auto","background-attachment":"scroll","background-type":"","background-media":"","overlay-type":"","overlay-color":"","overlay-opacity":"","overlay-gradient":""},"tablet":{"background-color":"","background-image":"","background-repeat":"repeat","background-position":"center center","background-size":"auto","background-attachment":"scroll","background-type":"","background-media":"","overlay-type":"","overlay-color":"","overlay-opacity":"","overlay-gradient":""},"mobile":{"background-color":"","background-image":"","background-repeat":"repeat","background-position":"center center","background-size":"auto","background-attachment":"scroll","background-type":"","background-media":"","overlay-type":"","overlay-color":"","overlay-opacity":"","overlay-gradient":""}},"ast-content-background-meta":{"desktop":{"background-color":"var(--ast-global-color-5)","background-image":"","background-repeat":"repeat","background-position":"center center","background-size":"auto","background-attachment":"scroll","background-type":"","background-media":"","overlay-type":"","overlay-color":"","overlay-opacity":"","overlay-gradient":""},"tablet":{"background-color":"var(--ast-global-color-5)","background-image":"","background-repeat":"repeat","background-position":"center center","background-size":"auto","background-attachment":"scroll","background-type":"","background-media":"","overlay-type":"","overlay-color":"","overlay-opacity":"","overlay-gradient":""},"mobile":{"background-color":"var(--ast-global-color-5)","background-image":"","background-repeat":"repeat","background-position":"center center","background-size":"auto","background-attachment":"scroll","background-type":"","background-media":"","overlay-type":"","overlay-color":"","overlay-opacity":"","overlay-gradient":""}},"_price":"","_stock":"","_tribe_ticket_header":"","_tribe_default_ticket_provider":"","_tribe_ticket_capacity":"0","_ticket_start_date":"","_ticket_end_date":"","_tribe_ticket_show_description":"","_tribe_ticket_show_not_going":false,"_tribe_ticket_use_global_stock":"","_tribe_ticket_global_stock_level":"","_global_stock_mode":"","_global_stock_cap":"","_tribe_rsvp_for_event":"","_tribe_ticket_going_count":"","_tribe_ticket_not_going_count":"","_tribe_tickets_list":"[]","_tribe_ticket_has_attendee_info_fields":false,"footnotes":"","_tec_slr_enabled":"","_tec_slr_layout":""},"class_list":["post-2253","page","type-page","status-publish","hentry"],"uagb_featured_image_src":{"full":false,"thumbnail":false,"medium":false,"medium_large":false,"large":false,"1536x1536":false,"2048x2048":false,"trp-custom-language-flag":false},"uagb_author_info":{"display_name":"ctatis1","author_link":"https:\/\/grizzliesbrasov.com\/en\/author\/ctatis1\/"},"uagb_comment_info":0,"uagb_excerpt":"Dac\u0103 dori\u021bi s\u0103 sus\u021bine\u021bi GRIZZLIES BRA\u0218OV folosind op\u021biunea de redirec\u021bionare de 3,5% din impozitul pe venit, v\u0103 rug\u0103m s\u0103 continua\u021bi ap\u0103s\u0103m pe butonul de mai jos. Proced\u00e2nd astfel, o parte [&hellip;]","ticketed":false,"_links":{"self":[{"href":"https:\/\/grizzliesbrasov.com\/en\/wp-json\/wp\/v2\/pages\/2253","targetHints":{"allow":["GET"]}}],"collection":[{"href":"https:\/\/grizzliesbrasov.com\/en\/wp-json\/wp\/v2\/pages"}],"about":[{"href":"https:\/\/grizzliesbrasov.com\/en\/wp-json\/wp\/v2\/types\/page"}],"author":[{"embeddable":true,"href":"https:\/\/grizzliesbrasov.com\/en\/wp-json\/wp\/v2\/users\/1"}],"replies":[{"embeddable":true,"href":"https:\/\/grizzliesbrasov.com\/en\/wp-json\/wp\/v2\/comments?post=2253"}],"version-history":[{"count":35,"href":"https:\/\/grizzliesbrasov.com\/en\/wp-json\/wp\/v2\/pages\/2253\/revisions"}],"predecessor-version":[{"id":2865,"href":"https:\/\/grizzliesbrasov.com\/en\/wp-json\/wp\/v2\/pages\/2253\/revisions\/2865"}],"wp:attachment":[{"href":"https:\/\/grizzliesbrasov.com\/en\/wp-json\/wp\/v2\/media?parent=2253"}],"curies":[{"name":"wp","href":"https:\/\/api.w.org\/{rel}","templated":true}]}}